{"id":9,"date":"2018-11-14T17:41:04","date_gmt":"2018-11-14T16:41:04","guid":{"rendered":"https:\/\/polishnative.pl\/?page_id=9"},"modified":"2026-01-20T09:52:09","modified_gmt":"2026-01-20T08:52:09","slug":"glavnaya","status":"publish","type":"page","link":"https:\/\/polishnative.pl\/pl\/","title":{"rendered":""},"content":{"rendered":"<p><\/p>\n<h2 class=\"entry-title\">Najnowsze posty<\/h2>\n<div class=\"pt-cv-wrapper\"><div class=\"pt-cv-view pt-cv-grid pt-cv-colsys pt-cv-same-height pt-cv-reused\" id=\"pt-cv-view-35838cf53l\"><div data-id=\"pt-cv-page-1\" class=\"pt-cv-page\" data-cvc=\"3\" data-cvct=\"2\" data-cvcm=\"1\"><div class=\"col-md-4 col-sm-6 col-xs-12 pt-cv-content-item pt-cv-1-col\"  data-pid=\"5784\"><div class='pt-cv-ifield'><div class=\"pt-cv-meta-fields\"><span class=\"entry-date\"> <time datetime=\"2025-10-17T20:19:11+00:00\">17 pa\u017adziernika 2025<\/time><\/span><span> \/ <\/span><span class=\"terms\"> <a href='https:\/\/polishnative.pl\/pl\/postlang\/polish\/' title='Polish' class='pt-cv-tax-polish'>Polish<\/a>, <a href='https:\/\/polishnative.pl\/pl\/postlang\/russian\/' title='Russian' class='pt-cv-tax-russian'>Russian<\/a>, <a href='https:\/\/polishnative.pl\/pl\/category\/uchebnye-posobiya\/' title='Pomoce naukowe' class='pt-cv-tax-uchebnye-posobiya'>Pomoce naukowe<\/a>, <a href='https:\/\/polishnative.pl\/pl\/category\/lexic\/' title='Leksyka' class='pt-cv-tax-lexic'>Leksyka<\/a><\/span><\/div>\n<a href=\"https:\/\/polishnative.pl\/pl\/slownictwo-medyczne-i-zdrowotne-b1\/\" class=\"_self pt-cv-href-thumbnail pt-cv-thumb-default cvplbd cvp-responsive-image img-none\" target=\"_self\" data-iw=\"300\" data-ih=\"300\"><img width=\"300\" height=\"300\" src=\"https:\/\/polishnative.pl\/wp-content\/uploads\/2025\/10\/Screenshot-from-2025-10-16-18-53-43-300x300.png\" class=\"pt-cv-thumbnail img-none no-lazyload  skip-lazy \" alt=\"S\u0142ownictwo medyczne i zdrowotne B1\" decoding=\"async\" data-no-lazy=\"1\" \/><\/a>\n<h4 class=\"pt-cv-title\"><a href=\"https:\/\/polishnative.pl\/pl\/slownictwo-medyczne-i-zdrowotne-b1\/\" class=\"_self cvplbd\" target=\"_self\" data-iw=\"300\" data-ih=\"300\">S\u0142ownictwo medyczne i zdrowotne B1<\/a><\/h4>\n<div class=\"pt-cv-content\">Na egzaminie ustnym B1 z j\u0119zyka polskiego relatywnie cz\u0119sto mo\u017ce si\u0119 wam trafi\u0107 zadanie w ten czy inny spos\u00f3b zwi\u0105zane<br \/><div class=\"pt-cv-rmwrap\"><a href=\"https:\/\/polishnative.pl\/pl\/slownictwo-medyczne-i-zdrowotne-b1\/\" class=\"_self pt-cv-readmore btn btn-success cvplbd\" target=\"_self\" data-iw=\"300\" data-ih=\"300\">Read More<\/a><\/div><\/div>\n<div class=\"pt-cv-social-buttons\"><a href=\"https:\/\/www.facebook.com\/sharer\/sharer.php?u=https:\/\/polishnative.pl\/pl\/slownictwo-medyczne-i-zdrowotne-b1\/\" class=\"pt-cv-social-facebook\" target=\"_blank\"><\/a><a href=\"https:\/\/twitter.com\/intent\/tweet?url=https:\/\/polishnative.pl\/pl\/slownictwo-medyczne-i-zdrowotne-b1\/&#038;text=S%C5%82ownictwo+medyczne+i+zdrowotne+B1\" class=\"pt-cv-social-twitter\" target=\"_blank\"><\/a><\/div><\/div><\/div>\n<div class=\"col-md-4 col-sm-6 col-xs-12 pt-cv-content-item pt-cv-1-col\"  data-pid=\"5740\"><div class='pt-cv-ifield'><div class=\"pt-cv-meta-fields\"><span class=\"entry-date\"> <time datetime=\"2025-09-21T12:15:38+00:00\">21 wrze\u015bnia 2025<\/time><\/span><span> \/ <\/span><span class=\"terms\"> <a href='https:\/\/polishnative.pl\/pl\/category\/grammatika\/' title='Gramatyka' class='pt-cv-tax-grammatika'>Gramatyka<\/a>, <a href='https:\/\/polishnative.pl\/pl\/postlang\/russian\/' title='Russian' class='pt-cv-tax-russian'>Russian<\/a>, <a href='https:\/\/polishnative.pl\/pl\/category\/uchebnye-posobiya\/' title='Pomoce naukowe' class='pt-cv-tax-uchebnye-posobiya'>Pomoce naukowe<\/a><\/span><\/div>\n<a href=\"https:\/\/polishnative.pl\/pl\/w-bierniku-w-rodzaju-zenskim-nie-ma-u\/\" class=\"_self pt-cv-href-thumbnail pt-cv-thumb-default cvplbd cvp-responsive-image img-none\" target=\"_self\" data-iw=\"300\" data-ih=\"300\"><img width=\"300\" height=\"300\" src=\"https:\/\/polishnative.pl\/wp-content\/uploads\/2025\/09\/Screenshot-from-2025-09-21-12-15-13-300x300.png\" class=\"pt-cv-thumbnail img-none no-lazyload  skip-lazy \" alt=\"W bierniku w rodzaju \u017ce\u0144skim nie ma -u!\" decoding=\"async\" data-no-lazy=\"1\" \/><\/a>\n<h4 class=\"pt-cv-title\"><a href=\"https:\/\/polishnative.pl\/pl\/w-bierniku-w-rodzaju-zenskim-nie-ma-u\/\" class=\"_self cvplbd\" target=\"_self\" data-iw=\"300\" data-ih=\"300\">W bierniku w rodzaju \u017ce\u0144skim nie ma -u!<\/a><\/h4>\n<div class=\"pt-cv-content\">\u0414\u0440\u0443\u0437\u044c\u044f, \u0441\u0435\u0433\u043e\u0434\u043d\u044f \u0441\u043d\u043e\u0432\u0430 \u043f\u043e\u0441\u0442 \u0441\u043f\u0435\u0446\u0438\u0430\u043b\u044c\u043d\u043e \u0434\u043b\u044f \u043c\u043e\u0438\u0445 \u0440\u0443\u0441\u0441\u043a\u043e\u044f\u0437\u044b\u0447\u043d\u044b\u0445 \u0441\u0442\u0443\u0434\u0435\u043d\u0442\u043e\u0432. \u0414\u0435\u043b\u043e \u0432 \u0442\u043e\u043c, \u0447\u0442\u043e \u0438\u0437 \u0432\u0441\u0435\u0445 \u043f\u0430\u0434\u0435\u0436\u043d\u044b\u0445 \u043e\u043a\u043e\u043d\u0447\u0430\u043d\u0438\u0439 \u0441\u0430\u043c\u044b\u043c \u0441\u043b\u043e\u0436\u043d\u044b\u043c, \u043f\u043e\u0436\u0430\u043b\u0443\u0439,<br \/><div class=\"pt-cv-rmwrap\"><a href=\"https:\/\/polishnative.pl\/pl\/w-bierniku-w-rodzaju-zenskim-nie-ma-u\/\" class=\"_self pt-cv-readmore btn btn-success cvplbd\" target=\"_self\" data-iw=\"300\" data-ih=\"300\">Read More<\/a><\/div><\/div>\n<div class=\"pt-cv-social-buttons\"><a href=\"https:\/\/www.facebook.com\/sharer\/sharer.php?u=https:\/\/polishnative.pl\/pl\/w-bierniku-w-rodzaju-zenskim-nie-ma-u\/\" class=\"pt-cv-social-facebook\" target=\"_blank\"><\/a><a href=\"https:\/\/twitter.com\/intent\/tweet?url=https:\/\/polishnative.pl\/pl\/w-bierniku-w-rodzaju-zenskim-nie-ma-u\/&#038;text=W+bierniku+w+rodzaju+%C5%BCe%C5%84skim+nie+ma+-u%21\" class=\"pt-cv-social-twitter\" target=\"_blank\"><\/a><\/div><\/div><\/div>\n<div class=\"col-md-4 col-sm-6 col-xs-12 pt-cv-content-item pt-cv-1-col\"  data-pid=\"5683\"><div class='pt-cv-ifield'><div class=\"pt-cv-meta-fields\"><span class=\"entry-date\"> <time datetime=\"2025-08-06T17:39:28+00:00\">6 sierpnia 2025<\/time><\/span><span> \/ <\/span><span class=\"terms\"> <a href='https:\/\/polishnative.pl\/pl\/category\/grammatika\/' title='Gramatyka' class='pt-cv-tax-grammatika'>Gramatyka<\/a>, <a href='https:\/\/polishnative.pl\/pl\/postlang\/russian\/' title='Russian' class='pt-cv-tax-russian'>Russian<\/a>, <a href='https:\/\/polishnative.pl\/pl\/category\/uchebnye-posobiya\/' title='Pomoce naukowe' class='pt-cv-tax-uchebnye-posobiya'>Pomoce naukowe<\/a>, <a href='https:\/\/polishnative.pl\/pl\/category\/uncategorized-en\/' title='Uncategorized' class='pt-cv-tax-uncategorized-en'>Uncategorized<\/a><\/span><\/div>\n<a href=\"https:\/\/polishnative.pl\/pl\/roditelnyj-padezh-na-vse-sluchaji-zhizni\/\" class=\"_self pt-cv-href-thumbnail pt-cv-thumb-default cvplbd cvp-responsive-image img-none\" target=\"_self\" data-iw=\"300\" data-ih=\"300\"><img width=\"300\" height=\"300\" src=\"https:\/\/polishnative.pl\/wp-content\/uploads\/2022\/05\/\u0423\u0440\u043e\u043a-6.-\u0420\u043e\u0434\u0438\u0442\u0435\u043b\u044c\u043d\u044b\u0439-\u043f\u0430\u0434\u0435\u0436-300x300.jpg\" class=\"pt-cv-thumbnail img-none no-lazyload  skip-lazy \" alt=\"\u0420\u043e\u0434\u0438\u0442\u0435\u043b\u044c\u043d\u044b\u0439 \u043f\u0430\u0434\u0435\u0436 \u043d\u0430 \u0432\u0441\u0435 \u0441\u043b\u0443\u0447\u0430\u0438 \u0436\u0438\u0437\u043d\u0438\" decoding=\"async\" data-no-lazy=\"1\" \/><\/a>\n<h4 class=\"pt-cv-title\"><a href=\"https:\/\/polishnative.pl\/pl\/roditelnyj-padezh-na-vse-sluchaji-zhizni\/\" class=\"_self cvplbd\" target=\"_self\" data-iw=\"300\" data-ih=\"300\">\u0420\u043e\u0434\u0438\u0442\u0435\u043b\u044c\u043d\u044b\u0439 \u043f\u0430\u0434\u0435\u0436 \u043d\u0430 \u0432\u0441\u0435 \u0441\u043b\u0443\u0447\u0430\u0438 \u0436\u0438\u0437\u043d\u0438<\/a><\/h4>\n<div class=\"pt-cv-content\">\u0414\u0440\u0443\u0437\u044c\u044f, \u044f \u0440\u0435\u0434\u043a\u043e \u043f\u0438\u0448\u0443 \u043d\u0430 \u0441\u0432\u043e\u0435\u043c \u0441\u0430\u0439\u0442\u0435 \u043f\u043e\u0441\u0442\u044b \u0442\u043e\u043b\u044c\u043a\u043e \u043f\u043e-\u0440\u0443\u0441\u0441\u043a\u0438, \u043f\u043e\u0442\u043e\u043c\u0443 \u0447\u0442\u043e \u043f\u0440\u0438\u0434\u0435\u0440\u0436\u0438\u0432\u0430\u044e\u0441\u044c \u0442\u043e\u0439 \u0442\u043e\u0447\u043a\u0438 \u0437\u0440\u0435\u043d\u0438\u044f, \u0447\u0442\u043e \u043b\u0443\u0447\u0448\u0435 \u0438\u0437\u0443\u0447\u0430\u0442\u044c \u0438\u043d\u043e\u0441\u0442\u0440\u0430\u043d\u043d\u044b\u0439<br \/><div class=\"pt-cv-rmwrap\"><a href=\"https:\/\/polishnative.pl\/pl\/roditelnyj-padezh-na-vse-sluchaji-zhizni\/\" class=\"_self pt-cv-readmore btn btn-success cvplbd\" target=\"_self\" data-iw=\"300\" data-ih=\"300\">Read More<\/a><\/div><\/div>\n<div class=\"pt-cv-social-buttons\"><a href=\"https:\/\/www.facebook.com\/sharer\/sharer.php?u=https:\/\/polishnative.pl\/pl\/roditelnyj-padezh-na-vse-sluchaji-zhizni\/\" class=\"pt-cv-social-facebook\" target=\"_blank\"><\/a><a href=\"https:\/\/twitter.com\/intent\/tweet?url=https:\/\/polishnative.pl\/pl\/roditelnyj-padezh-na-vse-sluchaji-zhizni\/&#038;text=%D0%A0%D0%BE%D0%B4%D0%B8%D1%82%D0%B5%D0%BB%D1%8C%D0%BD%D1%8B%D0%B9+%D0%BF%D0%B0%D0%B4%D0%B5%D0%B6+%D0%BD%D0%B0+%D0%B2%D1%81%D0%B5+%D1%81%D0%BB%D1%83%D1%87%D0%B0%D0%B8+%D0%B6%D0%B8%D0%B7%D0%BD%D0%B8\" class=\"pt-cv-social-twitter\" target=\"_blank\"><\/a><\/div><\/div><\/div><\/div><\/div><\/div>\t\t\t<style type=\"text\/css\" id=\"pt-cv-inline-style-31d9d2aek7\">#pt-cv-view-35838cf53l .pt-cv-content-item { padding-top: 8px !important; padding-left: 8px !important; padding-bottom: 8px !important; padding-right: 8px !important; }\n#pt-cv-view-35838cf53l  { margin-top: 18px !important; margin-left: 18px !important; margin-bottom: 18px !important; margin-right: 18px !important; }\n#pt-cv-view-35838cf53l .pt-cv-ifield { padding-top: 18px !important; padding-left: 18px !important; padding-bottom: 18px !important; padding-right: 18px !important; }\n#pt-cv-view-35838cf53l  .pt-cv-ifield   { background-color: #c6c6c6 !important; }\n#pt-cv-view-35838cf53l .pt-cv-href-thumbnail  { margin-left: auto !important; margin-right: auto !important; display: block !important; text-align: center !important; clear: both !important; }\n#pt-cv-view-35838cf53l .pt-cv-title a, #pt-cv-view-35838cf53l  .panel-title { font-family: 'Merriweather', Arial, serif !important; color: #dd3333 !important; font-weight: 600 !important; }\n#pt-cv-view-35838cf53l  .pt-cv-title a:hover, #pt-cv-view-35838cf53l  .panel-title:hover   { font-family: 'Merriweather', Arial, serif !important; }\n#pt-cv-view-35838cf53l .pt-cv-content , #pt-cv-view-35838cf53l  .pt-cv-content *:not(.pt-cv-readmore):not(style):not(script) { font-family: 'Montserrat', Arial, serif !important; color: #ffffff !important; }\n#pt-cv-view-35838cf53l .pt-cv-meta-fields .glyphicon {font-family: 'Glyphicons Halflings' !important; line-height: 1 !important;}\n#pt-cv-view-35838cf53l .pt-cv-meta-fields * { font-family: 'Merriweather', Arial, serif !important; color: #dd3333 !important; font-weight: 600 !important; }\n#pt-cv-view-35838cf53l .pt-cv-readmore  { font-family: 'Merriweather', Arial, serif !important; color: #ffffff !important; background-color: #dd3333 !important; font-weight: 600 !important; }\n#pt-cv-view-35838cf53l .pt-cv-readmore:hover  { font-family: 'Merriweather', Arial, serif !important; color: #ffffff !important; background-color: #dd3333 !important; }\n#pt-cv-view-35838cf53l  + .pt-cv-pagination-wrapper .pt-cv-more , #pt-cv-view-35838cf53l  + .pt-cv-pagination-wrapper .pagination .active a { color: #ffffff !important; background-color: #00aeef !important; }\n#pt-cv-view-35838cf53l .cvp-responsive-image[style*=\"background-image\"] { width: 300px; height: 300px; }<\/style>\r\n\t\t\t<link href='\/\/fonts.googleapis.com\/css?family=Merriweather' rel='stylesheet' type='text\/css'><link href='\/\/fonts.googleapis.com\/css?family=Montserrat' rel='stylesheet' type='text\/css'>\n<h2 class=\"entry-title\">Opinie<\/h2>\n<div class=\"pt-cv-wrapper\"><div class=\"pt-cv-view pt-cv-timeline\" id=\"pt-cv-view-49aee60som\"><div class=\"tl-spine\"><a href=\"#\"><\/a><\/div>\n<div class=\"tl-items\">\n<div class=\"tl-item pt-left\"><div class=\"tl-item-content\"><i class=\"tl-pointer\"><\/i><div class=\" pt-cv-content-item pt-cv-1-col\"  data-pid=\"466\"><a href=\"https:\/\/polishnative.pl\/wp-content\/uploads\/2020\/05\/\u0440\u0443\u0441\u043b\u0430\u043d.png\" class=\"pt-cv-lightbox-image pt-cv-href-thumbnail pt-cv-thumb-default cvplbd cvp-lazy-container\" target=\"pt-cv-lightbox-image\" ><img width=\"300\" src=\"https:\/\/polishnative.pl\/wp-content\/plugins\/pt-content-views-pro\/public\/assets\/images\/lazy_image.png\" class=\"pt-cv-thumbnail img-none cvp-substitute no-lazyload  cvplazy\" alt=\"\u041e\u0442\u0437\u044b\u0432 4 Ruslan\" title=\"\" data-no-lazy=\"1\" data-cvpsrc=\"https:\/\/polishnative.pl\/wp-content\/uploads\/2020\/05\/\u0440\u0443\u0441\u043b\u0430\u043d.png\" \/><\/a><\/div><\/div><\/div>\n<div class=\"tl-item pt-right\"><div class=\"tl-item-content\"><i class=\"tl-pointer\"><\/i><div class=\" pt-cv-content-item pt-cv-1-col\"  data-pid=\"4651\"><a href=\"https:\/\/www.youtube.com\/watch?v=spuJrTjv4No\" class=\"pt-cv-lightbox-image pt-cv-href-thumbnail pt-cv-thumb-default cvplbd cvp-lazy-container cvp-block\" target=\"pt-cv-lightbox-image\" ><span class=\"cvp-play\"><\/span><span itemprop=\"image\" itemscope itemtype=\"https:\/\/schema.org\/ImageObject\"><img itemprop=\"url image\" width=\"300\" src=\"https:\/\/polishnative.pl\/wp-content\/plugins\/pt-content-views-pro\/public\/assets\/images\/lazy_image.png\" class=\" no-lazyload  cvplazy\" alt=\"Opinia mojej studentki o lekcjach ze mn\u0105\" data-no-lazy=\"1\" data-cvpsrc=\"https:\/\/i.ytimg.com\/vi\/spuJrTjv4No\/hqdefault.jpg\" \/><iframe title=\"Opinia mojej studentki o lekcjach ze mn\u0105\" width=\"300\" height=\"225\" data-cvpsrc=\"https:\/\/www.youtube.com\/embed\/spuJrTjv4No?feature=oembed\" frameborder=\"0\" allow=\"accelerometer; autoplay; clipboard-write; encrypted-media; gyroscope; picture-in-picture; web-share\" referrerpolicy=\"strict-origin-when-cross-origin\" allowfullscreen><meta itemprop=\"width\" content=\"300\"><meta itemprop=\"height\" content=\"225\"><\/span><\/iframe><\/a><\/div><\/div><\/div>\n<div class=\"tl-item pt-left\"><div class=\"tl-item-content\"><i class=\"tl-pointer\"><\/i><div class=\" pt-cv-content-item pt-cv-1-col\"  data-pid=\"4652\"><a href=\"https:\/\/www.youtube.com\/watch?v=nQe4VU1HDqc\" class=\"pt-cv-lightbox-image pt-cv-href-thumbnail pt-cv-thumb-default cvplbd cvp-lazy-container cvp-block\" target=\"pt-cv-lightbox-image\" ><span class=\"cvp-play\"><\/span><span itemprop=\"image\" itemscope itemtype=\"https:\/\/schema.org\/ImageObject\"><img itemprop=\"url image\" width=\"300\" src=\"https:\/\/polishnative.pl\/wp-content\/plugins\/pt-content-views-pro\/public\/assets\/images\/lazy_image.png\" class=\" no-lazyload  cvplazy\" alt=\"\u041e\u0442\u0437\u044b\u0432 \u043d\u0430 \u043c\u043e\u0438 \u0443\u0440\u043e\u043a\u0438 \u0441 15-\u043b\u0435\u0442\u043d\u0435\u0439 \u041e\u043b\u0435\u0439\" data-no-lazy=\"1\" data-cvpsrc=\"https:\/\/i.ytimg.com\/vi\/nQe4VU1HDqc\/hqdefault.jpg\" \/><iframe title=\"\u041e\u0442\u0437\u044b\u0432 \u043d\u0430 \u043c\u043e\u0438 \u0443\u0440\u043e\u043a\u0438 \u0441 15-\u043b\u0435\u0442\u043d\u0435\u0439 \u041e\u043b\u0435\u0439\" width=\"300\" height=\"169\" data-cvpsrc=\"https:\/\/www.youtube.com\/embed\/nQe4VU1HDqc?feature=oembed\" frameborder=\"0\" allow=\"accelerometer; autoplay; clipboard-write; encrypted-media; gyroscope; picture-in-picture; web-share\" referrerpolicy=\"strict-origin-when-cross-origin\" allowfullscreen><meta itemprop=\"width\" content=\"300\"><meta itemprop=\"height\" content=\"169\"><\/span><\/iframe><\/a><\/div><\/div><\/div>\n<div class=\"tl-item pt-right\"><div class=\"tl-item-content\"><i class=\"tl-pointer\"><\/i><div class=\" pt-cv-content-item pt-cv-1-col\"  data-pid=\"458\"><a href=\"https:\/\/www.youtube.com\/watch?v=WM1Zhvc0ie0\" class=\"pt-cv-lightbox-image pt-cv-href-thumbnail pt-cv-thumb-default cvplbd cvp-lazy-container cvp-block\" target=\"pt-cv-lightbox-image\" ><span class=\"cvp-play\"><\/span><span itemprop=\"image\" itemscope itemtype=\"https:\/\/schema.org\/ImageObject\"><img itemprop=\"url image\" width=\"300\" src=\"https:\/\/polishnative.pl\/wp-content\/plugins\/pt-content-views-pro\/public\/assets\/images\/lazy_image.png\" class=\" no-lazyload  cvplazy\" alt=\"Co moi studenci m\u00f3wi\u0105 o moich lekcjach?\" data-no-lazy=\"1\" data-cvpsrc=\"https:\/\/i.ytimg.com\/vi\/WM1Zhvc0ie0\/hqdefault.jpg\" \/><iframe title=\"Co moi studenci m\u00f3wi\u0105 o moich lekcjach?\" width=\"300\" height=\"169\" data-cvpsrc=\"https:\/\/www.youtube.com\/embed\/WM1Zhvc0ie0?feature=oembed\" frameborder=\"0\" allow=\"accelerometer; autoplay; clipboard-write; encrypted-media; gyroscope; picture-in-picture; web-share\" referrerpolicy=\"strict-origin-when-cross-origin\" allowfullscreen><meta itemprop=\"width\" content=\"300\"><meta itemprop=\"height\" content=\"169\"><\/span><\/iframe><\/a><\/div><\/div><\/div>\n<div class=\"tl-item pt-left\"><div class=\"tl-item-content\"><i class=\"tl-pointer\"><\/i><div class=\" pt-cv-content-item pt-cv-1-col\"  data-pid=\"460\"><a href=\"https:\/\/polishnative.pl\/wp-content\/uploads\/2020\/05\/\u0422\u0451\u043c\u0430.png\" class=\"pt-cv-lightbox-image pt-cv-href-thumbnail pt-cv-thumb-default cvplbd cvp-lazy-container\" target=\"pt-cv-lightbox-image\" ><img width=\"300\" src=\"https:\/\/polishnative.pl\/wp-content\/plugins\/pt-content-views-pro\/public\/assets\/images\/lazy_image.png\" class=\"pt-cv-thumbnail img-none cvp-substitute no-lazyload  cvplazy\" alt=\"\u041e\u0442\u0437\u044b\u0432 2\" title=\"\" data-no-lazy=\"1\" data-cvpsrc=\"https:\/\/polishnative.pl\/wp-content\/uploads\/2020\/05\/\u0422\u0451\u043c\u0430.png\" \/><\/a><\/div><\/div><\/div>\n<div class=\"tl-item pt-right\"><div class=\"tl-item-content\"><i class=\"tl-pointer\"><\/i><div class=\" pt-cv-content-item pt-cv-1-col\"  data-pid=\"461\"><a href=\"https:\/\/polishnative.pl\/wp-content\/uploads\/2020\/05\/Caroline2-1.png\" class=\"pt-cv-lightbox-image pt-cv-href-thumbnail pt-cv-thumb-default cvplbd cvp-lazy-container\" target=\"pt-cv-lightbox-image\" ><img width=\"300\" src=\"https:\/\/polishnative.pl\/wp-content\/plugins\/pt-content-views-pro\/public\/assets\/images\/lazy_image.png\" class=\"pt-cv-thumbnail img-none cvp-substitute no-lazyload  cvplazy\" alt=\"\u041e\u0442\u0437\u044b\u0432 3 Caroline\" title=\"\" data-no-lazy=\"1\" data-cvpsrc=\"https:\/\/polishnative.pl\/wp-content\/uploads\/2020\/05\/Caroline2-1.png\" \/><\/a><\/div><\/div><\/div>\n<div class=\"tl-item pt-left\"><div class=\"tl-item-content\"><i class=\"tl-pointer\"><\/i><div class=\" pt-cv-content-item pt-cv-1-col\"  data-pid=\"469\"><a href=\"https:\/\/polishnative.pl\/wp-content\/uploads\/2020\/05\/Donat1.png\" class=\"pt-cv-lightbox-image pt-cv-href-thumbnail pt-cv-thumb-default cvplbd cvp-lazy-container\" target=\"pt-cv-lightbox-image\" ><img width=\"300\" src=\"https:\/\/polishnative.pl\/wp-content\/plugins\/pt-content-views-pro\/public\/assets\/images\/lazy_image.png\" class=\"pt-cv-thumbnail img-none cvp-substitute no-lazyload  cvplazy\" alt=\"O\u0442\u0437\u044b\u0432 5 Donat\" title=\"\" data-no-lazy=\"1\" data-cvpsrc=\"https:\/\/polishnative.pl\/wp-content\/uploads\/2020\/05\/Donat1.png\" \/><\/a><\/div><\/div><\/div>\n<div class=\"tl-item pt-right\"><div class=\"tl-item-content\"><i class=\"tl-pointer\"><\/i><div class=\" pt-cv-content-item pt-cv-1-col\"  data-pid=\"470\"><a href=\"https:\/\/polishnative.pl\/wp-content\/uploads\/2020\/05\/Michal.png\" class=\"pt-cv-lightbox-image pt-cv-href-thumbnail pt-cv-thumb-default cvplbd cvp-lazy-container\" target=\"pt-cv-lightbox-image\" ><img width=\"300\" src=\"https:\/\/polishnative.pl\/wp-content\/plugins\/pt-content-views-pro\/public\/assets\/images\/lazy_image.png\" class=\"pt-cv-thumbnail img-none cvp-substitute no-lazyload  cvplazy\" alt=\"O\u0442\u0437\u044b\u0432 6 Micha\u0142\" title=\"\" data-no-lazy=\"1\" data-cvpsrc=\"https:\/\/polishnative.pl\/wp-content\/uploads\/2020\/05\/Michal.png\" \/><\/a><\/div><\/div><\/div>\n<div class=\"tl-item pt-left\"><div class=\"tl-item-content\"><i class=\"tl-pointer\"><\/i><div class=\" pt-cv-content-item pt-cv-1-col\"  data-pid=\"471\"><a href=\"https:\/\/polishnative.pl\/wp-content\/uploads\/2020\/05\/Alla.png\" class=\"pt-cv-lightbox-image pt-cv-href-thumbnail pt-cv-thumb-default cvplbd cvp-lazy-container\" target=\"pt-cv-lightbox-image\" ><img width=\"300\" src=\"https:\/\/polishnative.pl\/wp-content\/plugins\/pt-content-views-pro\/public\/assets\/images\/lazy_image.png\" class=\"pt-cv-thumbnail img-none cvp-substitute no-lazyload  cvplazy\" alt=\"O\u0442\u0437\u044b\u0432 7 Alla\" title=\"\" data-no-lazy=\"1\" data-cvpsrc=\"https:\/\/polishnative.pl\/wp-content\/uploads\/2020\/05\/Alla.png\" \/><\/a><\/div><\/div><\/div>\n<div class=\"tl-item pt-right\"><div class=\"tl-item-content\"><i class=\"tl-pointer\"><\/i><div class=\" pt-cv-content-item pt-cv-1-col\"  data-pid=\"472\"><a href=\"https:\/\/polishnative.pl\/wp-content\/uploads\/2020\/05\/Copy-of-Ruslan1.png\" class=\"pt-cv-lightbox-image pt-cv-href-thumbnail pt-cv-thumb-default cvplbd cvp-lazy-container\" target=\"pt-cv-lightbox-image\" ><img width=\"300\" src=\"https:\/\/polishnative.pl\/wp-content\/plugins\/pt-content-views-pro\/public\/assets\/images\/lazy_image.png\" class=\"pt-cv-thumbnail img-none cvp-substitute no-lazyload  cvplazy\" alt=\"O\u0442\u0437\u044b\u0432 8 Laurent\" title=\"\" data-no-lazy=\"1\" data-cvpsrc=\"https:\/\/polishnative.pl\/wp-content\/uploads\/2020\/05\/Copy-of-Ruslan1.png\" \/><\/a><\/div><\/div><\/div>\n<\/div><\/div><\/div>\t\t\t<style type=\"text\/css\" id=\"pt-cv-inline-style-f9b3bc7oey\">#pt-cv-view-49aee60som .pt-cv-content-item { margin-top: 8px !important; margin-left: 8px !important; margin-bottom: 8px !important; margin-right: 8px !important; }\n#pt-cv-view-49aee60som .pt-cv-content-item { padding-top: 8px !important; padding-left: 8px !important; padding-bottom: 8px !important; padding-right: 8px !important; }\n#pt-cv-view-49aee60som  .pt-cv-content-item   { background-color: #ffffff !important; }\n#pt-cv-view-49aee60som .pt-cv-title a, #pt-cv-view-49aee60som  .panel-title { font-weight: 600 !important; }\n#pt-cv-view-49aee60som .pt-cv-content , #pt-cv-view-49aee60som  .pt-cv-content *:not(.pt-cv-readmore):not(style):not(script) { font-size: 16px !important; line-height: 1.3 !important; color: #606060 !important; }\n#pt-cv-view-49aee60som .pt-cv-carousel-caption  { background-color: rgba(255,255,255,0.6) !important; }\n#pt-cv-view-49aee60som .pt-cv-specialp { background-color: #CC3333 !important }\n#pt-cv-view-49aee60som .pt-cv-specialp * { color: #fff !important; }\n#pt-cv-view-49aee60som .pt-cv-pficon  { color: #bbb !important; }\n#pt-cv-view-49aee60som .pt-cv-readmore  { color: #ffffff !important; background-color: #00aeef !important; }\n#pt-cv-view-49aee60som .pt-cv-readmore:hover  { color: #ffffff !important; background-color: #00aeef !important; }\n#pt-cv-view-49aee60som  + .pt-cv-pagination-wrapper .pt-cv-more , #pt-cv-view-49aee60som  + .pt-cv-pagination-wrapper .pagination .active a { color: #ffffff !important; background-color: #00aeef !important; }<\/style>\r\n\t\t\t\n<p><\/p>","protected":false},"excerpt":{"rendered":"<p>Najnowsze posty Opinie<\/p>\n","protected":false},"author":1,"featured_media":3698,"parent":0,"menu_order":0,"comment_status":"closed","ping_status":"closed","template":"","meta":{"_monsterinsights_skip_tracking":false,"_monsterinsights_sitenote_active":false,"_monsterinsights_sitenote_note":"","_monsterinsights_sitenote_category":0},"acf":[],"aioseo_notices":[],"_links":{"self":[{"href":"https:\/\/polishnative.pl\/pl\/wp-json\/wp\/v2\/pages\/9"}],"collection":[{"href":"https:\/\/polishnative.pl\/pl\/wp-json\/wp\/v2\/pages"}],"about":[{"href":"https:\/\/polishnative.pl\/pl\/wp-json\/wp\/v2\/types\/page"}],"author":[{"embeddable":true,"href":"https:\/\/polishnative.pl\/pl\/wp-json\/wp\/v2\/users\/1"}],"replies":[{"embeddable":true,"href":"https:\/\/polishnative.pl\/pl\/wp-json\/wp\/v2\/comments?post=9"}],"version-history":[{"count":52,"href":"https:\/\/polishnative.pl\/pl\/wp-json\/wp\/v2\/pages\/9\/revisions"}],"predecessor-version":[{"id":5865,"href":"https:\/\/polishnative.pl\/pl\/wp-json\/wp\/v2\/pages\/9\/revisions\/5865"}],"wp:featuredmedia":[{"embeddable":true,"href":"https:\/\/polishnative.pl\/pl\/wp-json\/wp\/v2\/media\/3698"}],"wp:attachment":[{"href":"https:\/\/polishnative.pl\/pl\/wp-json\/wp\/v2\/media?parent=9"}],"curies":[{"name":"wp","href":"https:\/\/api.w.org\/{rel}","templated":true}]}}