{"id":177,"date":"2018-11-27T15:06:01","date_gmt":"2018-11-27T14:06:01","guid":{"rendered":"https:\/\/polishnative.pl\/?page_id=177"},"modified":"2022-01-10T09:47:13","modified_gmt":"2022-01-10T08:47:13","slug":"about-me","status":"publish","type":"page","link":"https:\/\/polishnative.pl\/pl\/about-me\/","title":{"rendered":"O mnie"},"content":{"rendered":"<p><span itemprop=\"image\" itemscope itemtype=\"https:\/\/schema.org\/ImageObject\"><img itemprop=\"url image\" decoding=\"async\" loading=\"lazy\" class=\"size-thumbnail wp-image-191 alignleft\" src=\"\/wp-content\/uploads\/2018\/11\/IMG_3306-109-150x150.jpg\" alt=\"\" width=\"150\" height=\"150\" srcset=\"https:\/\/polishnative.pl\/wp-content\/uploads\/2018\/11\/IMG_3306-109-150x150.jpg 150w, https:\/\/polishnative.pl\/wp-content\/uploads\/2018\/11\/IMG_3306-109-100x100.jpg 100w\" sizes=\"(max-width: 150px) 100vw, 150px\" \/><meta itemprop=\"width\" content=\"150\"><meta itemprop=\"height\" content=\"150\"><\/span>Dzie\u0144 dobry! Witam na mojej stronie nauki j\u0119zyka polskiego jako obcego!<\/p>\n<p>J\u0119zyki to moja pasja \u017cyciowa. Wychowa\u0142am si\u0119 w dwuj\u0119zycznej rodzinie polsko-rosyjskiej i w ci\u0105gu trzydziestu jeden lat \u017cycia mieszka\u0142am w pi\u0119ciu krajach i o\u015bmiu miastach. Polski i rosyjski s\u0105 moimi j\u0119zykami ojczystymi, opr\u00f3cz nich znam na poziomie C1 francuski i angielski. Obecnie ucz\u0119 si\u0119 niemieckiego i planuj\u0119 nauk\u0119 hiszpa\u0144skiego.<\/p>\n<p>Specjalizuj\u0119 si\u0119 g\u0142\u00f3wnie w wyk\u0142adaniu j\u0119zyka polskiego dla rosyjskoj\u0119zycznych student\u00f3w, bowiem zawi\u0142o\u015bci, r\u00f3\u017cnice i podobie\u0144stwa mi\u0119dzy tymi j\u0119zykami s\u0105 mi najbli\u017csze. W danej tematyce prowadz\u0119 specjaln\u0105 grup\u0119 w sieci: <a class=\"m_-1909113680671742676moz-txt-link-freetext\" href=\"https:\/\/vk.com\/polish_native\" target=\"_blank\" rel=\"noopener noreferrer\" data-saferedirecturl=\"https:\/\/www.google.com\/url?q=https:\/\/vk.com\/polish_native&amp;source=gmail&amp;ust=1543410428948000&amp;usg=AFQjCNEX4sEJGMOhSFKdy_qH-W26HrRbLA\">https:\/\/vk.com\/polish_native<\/a><\/p>\n<p>Mam r\u00f3wnie\u017c do\u015bwiadczenie wyk\u0142adania j\u0119zyka polskiego dla angielskoj\u0119zycznych student\u00f3w. Ch\u0119tnie podejmuj\u0119 nowe wyzwania.<\/p>\n<p>2011 &#8211; uko\u0144czy\u0142am Uniwersytet \u015al\u0105ski w Katowicach, wydzia\u0142 filologiczny<\/p>\n<p>od 2012 &#8211; samodzielne zaj\u0119cia j\u0119zykowe przez Skype ze studentami z Polski, Rosji, Ukrainy i Anglii<\/p>\n<p>2016-2017 &#8211; wyk\u0142adowca j\u0119zyka polskiego w szkole j\u0119zykowej &#8222;Master Klass&#8221; w Moskwie<\/p>\n<p>od 2018 &#8211; wyk\u0142adowca j\u0119zyka polskiego i angielskiego w szkole j\u0119zykowej &#8222;Lingvo Expert&#8221; w Petersburgu, a tak\u017ce wyk\u0142adowca j\u0119zyka angielskiego w szkole j\u0119zykowej IQ Consultancy w Petersburgu<\/p>\n<p>Jestem zdecydowan\u0105 przeciwniczk\u0105 opinii, \u017ce poznawanie j\u0119zyka obcego musi zaczyna\u0107 si\u0119 od \u017cmudnego uczenia si\u0119 na pami\u0119\u0107 regu\u0142 gramatycznych. Znaj\u0105c cztery j\u0119zyki na poziomie native&#8217;a i ucz\u0105c si\u0119 pi\u0105tego wiem z w\u0142asnego do\u015bwiadczenia, jak nale\u017cy to robi\u0107 efektywnie. Jestem g\u0142\u0119boko przekonana, \u017ce nauka polskiego ze wszystkimi jego zawi\u0142o\u015bciami i nieoczekiwanymi nieraz zasadami mo\u017ce by\u0107 \u015bwietn\u0105 zabaw\u0105 zar\u00f3wno dla ucznia, jak i dla nauczyciela.<\/p>\n<p>Z w\u0142asnego do\u015bwiadczenia wiem r\u00f3wnie\u017c, \u017ce podstawow\u0105 funkcj\u0105 j\u0119zyka jest komunikacja. W\u0142a\u015bnie dlatego zazwyczaj planuj\u0119 swoje zaj\u0119cia tak, \u017ceby moi uczniowie jak najwi\u0119cej m\u00f3wili, bo w\u0142a\u015bnie w rozmowie najlepiej utrwalaj\u0105 si\u0119 s\u0142\u00f3wka i konstrukcje j\u0119zykowe. \u015awietnym narz\u0119dziem do tego s\u0105 gry j\u0119zykowe i inscenizacje dialog\u00f3w.<\/p>\n<p>Dla tych z kolei, kt\u00f3rym z r\u00f3\u017cnych wzgl\u0119d\u00f3w zale\u017cy bardziej na j\u0119zyku pisanym, ni\u017c m\u00f3wionym (a takich uczni\u00f3w te\u017c nieraz ucz\u0119), mam dobr\u0105 wiadomo\u015b\u0107: potrafi\u0119 si\u0119 dostosowa\u0107 do dowolnych wymaga\u0144 i oczekiwa\u0144 ucznia. Nie prowadz\u0119 zaj\u0119\u0107 wychodz\u0105c ze sztywnego scenariusza czy planu, zawsze przys\u0142uchuj\u0119 si\u0119 pro\u015bbom student\u00f3w.<\/p>\n<p>Mam do\u015bwiadczenie w przygotowaniu student\u00f3w do egzaminu na Kart\u0119 Polaka oraz na obywatelstwo polskie.<\/p>","protected":false},"excerpt":{"rendered":"<p>Dzie\u0144 dobry! Witam na mojej stronie nauki j\u0119zyka polskiego jako obcego! J\u0119zyki to moja pasja \u017cyciowa. Wychowa\u0142am si\u0119 w dwuj\u0119zycznej rodzinie polsko-rosyjskiej i w ci\u0105gu trzydziestu jeden lat \u017cycia mieszka\u0142am w pi\u0119ciu krajach i o\u015bmiu miastach. Polski i rosyjski s\u0105 moimi j\u0119zykami ojczystymi, opr\u00f3cz nich znam na poziomie C1 francuski i angielski. Obecnie ucz\u0119 si\u0119 [&hellip;]<\/p>\n","protected":false},"author":4,"featured_media":0,"parent":0,"menu_order":0,"comment_status":"closed","ping_status":"closed","template":"","meta":{"_monsterinsights_skip_tracking":false,"_monsterinsights_sitenote_active":false,"_monsterinsights_sitenote_note":"","_monsterinsights_sitenote_category":0},"acf":[],"aioseo_notices":[],"_links":{"self":[{"href":"https:\/\/polishnative.pl\/pl\/wp-json\/wp\/v2\/pages\/177"}],"collection":[{"href":"https:\/\/polishnative.pl\/pl\/wp-json\/wp\/v2\/pages"}],"about":[{"href":"https:\/\/polishnative.pl\/pl\/wp-json\/wp\/v2\/types\/page"}],"author":[{"embeddable":true,"href":"https:\/\/polishnative.pl\/pl\/wp-json\/wp\/v2\/users\/4"}],"replies":[{"embeddable":true,"href":"https:\/\/polishnative.pl\/pl\/wp-json\/wp\/v2\/comments?post=177"}],"version-history":[{"count":13,"href":"https:\/\/polishnative.pl\/pl\/wp-json\/wp\/v2\/pages\/177\/revisions"}],"predecessor-version":[{"id":4354,"href":"https:\/\/polishnative.pl\/pl\/wp-json\/wp\/v2\/pages\/177\/revisions\/4354"}],"wp:attachment":[{"href":"https:\/\/polishnative.pl\/pl\/wp-json\/wp\/v2\/media?parent=177"}],"curies":[{"name":"wp","href":"https:\/\/api.w.org\/{rel}","templated":true}]}}