{"id":3850,"date":"2021-06-26T23:25:07","date_gmt":"2021-06-26T21:25:07","guid":{"rendered":"https:\/\/polishnative.pl\/?page_id=3850"},"modified":"2022-09-29T16:57:23","modified_gmt":"2022-09-29T14:57:23","slug":"charity","status":"publish","type":"page","link":"https:\/\/polishnative.pl\/en\/charity\/","title":{"rendered":"Choose the charity you want to support!"},"content":{"rendered":"<p><span itemprop=\"image\" itemscope itemtype=\"https:\/\/schema.org\/ImageObject\"><img itemprop=\"url image\" decoding=\"async\" loading=\"lazy\" class=\"alignnone wp-image-5030 size-full\" src=\"https:\/\/polishnative.pl\/wp-content\/uploads\/2022\/09\/Beach3.jpg\" alt=\"\" width=\"1920\" height=\"1080\" srcset=\"https:\/\/polishnative.pl\/wp-content\/uploads\/2022\/09\/Beach3.jpg 1920w, https:\/\/polishnative.pl\/wp-content\/uploads\/2022\/09\/Beach3-300x169.jpg 300w, https:\/\/polishnative.pl\/wp-content\/uploads\/2022\/09\/Beach3-1024x576.jpg 1024w, https:\/\/polishnative.pl\/wp-content\/uploads\/2022\/09\/Beach3-768x432.jpg 768w, https:\/\/polishnative.pl\/wp-content\/uploads\/2022\/09\/Beach3-1536x864.jpg 1536w\" sizes=\"(max-width: 1920px) 100vw, 1920px\" \/><meta itemprop=\"width\" content=\"1920\"><meta itemprop=\"height\" content=\"1080\"><\/span><\/p>\n<h2>Razem mo\u017cemy ulepszy\u0107 \u015bwiat! Opr\u00f3cz tego, \u017ce dostajecie pierwsz\u0105 lekcj\u0119 za darmo, 100% op\u0142aty za trzeci\u0105 lekcj\u0119 przekazuj\u0119 na dzia\u0142alno\u015b\u0107 charytatywn\u0105.<\/h2>\n<p>Jest to wa\u017cna cz\u0119\u015b\u0107 mojego \u017cycia, dlatego postanowi\u0142am po\u0142\u0105czy\u0107 j\u0105 z moj\u0105 prac\u0105. Poni\u017cej przedstawiam wam akcj\u0119, kt\u00f3r\u0105 sama wspieram od wielu lat i darz\u0119 j\u0105 ca\u0142kowitym zaufaniem. Po otrzymaniu wp\u0142aty za trzeci\u0105 lekcj\u0119 z ka\u017cdym nowym studentem, ca\u0142\u0105 kwot\u0119 przelewam na t\u0119 akcj\u0119.<\/p>\n<p>Je\u015bli wspieracie jak\u0105kolwiek inn\u0105 akcj\u0119 charytatywn\u0105 w Polsce lub Unii Europejskiej, dajcie mi prosz\u0119 zna\u0107, ch\u0119tnie przelej\u0119 na ni\u0105 \u015brodki z waszej lekcji.<\/p>\n<p>Po postawieniu przelewu prze\u015bl\u0119 wam potwierdzenie z banku.<\/p>\n<p>Pami\u0119tajcie, \u017ce nawet niewielka cegie\u0142ka ma du\u017ce znaczenie przy budowie szczytnego celu!<\/p>\n<blockquote class=\"quote\">\n<h2 lang=\"en-US\">Together we can make the world better! In addition to getting your first class for free, 100% of the fee for your third class goes straight to charities.<\/h2>\n<p lang=\"en-US\">It is an important part of my life, which is why I decided to connect it with my job. Here I present a cause which I have been supported for years and which I trust entirely. After receiving a payment for the third class with every new student I transfer the entire amount of it to this charity.<\/p>\n<p lang=\"en-US\">If you support any other charity in Poland or the EU, please let me know. I will be glad to transfer the money from your class to it.<\/p>\n<p lang=\"en-US\">After making the transfer, I will send you a bank confirmation.<\/p>\n<p lang=\"en-US\">Remember that every little helps when achieving a noble goal!<\/p>\n<\/blockquote>\n<p><span itemprop=\"image\" itemscope itemtype=\"https:\/\/schema.org\/ImageObject\"><img itemprop=\"url image\" decoding=\"async\" loading=\"lazy\" class=\"alignnone wp-image-3851 size-full\" src=\"https:\/\/polishnative.pl\/wp-content\/uploads\/2021\/06\/Sunbathing-and-Ice-Cream-Beach-Holiday-Photo-Collage.jpg\" alt=\"\" width=\"2000\" height=\"1600\" srcset=\"https:\/\/polishnative.pl\/wp-content\/uploads\/2021\/06\/Sunbathing-and-Ice-Cream-Beach-Holiday-Photo-Collage.jpg 2000w, https:\/\/polishnative.pl\/wp-content\/uploads\/2021\/06\/Sunbathing-and-Ice-Cream-Beach-Holiday-Photo-Collage-300x240.jpg 300w, https:\/\/polishnative.pl\/wp-content\/uploads\/2021\/06\/Sunbathing-and-Ice-Cream-Beach-Holiday-Photo-Collage-1024x819.jpg 1024w, https:\/\/polishnative.pl\/wp-content\/uploads\/2021\/06\/Sunbathing-and-Ice-Cream-Beach-Holiday-Photo-Collage-768x614.jpg 768w, https:\/\/polishnative.pl\/wp-content\/uploads\/2021\/06\/Sunbathing-and-Ice-Cream-Beach-Holiday-Photo-Collage-1536x1229.jpg 1536w\" sizes=\"(max-width: 2000px) 100vw, 2000px\" \/><meta itemprop=\"width\" content=\"2000\"><meta itemprop=\"height\" content=\"1600\"><\/span><\/p>\n<p>Dwunastoletnia <a href=\"https:\/\/dzieciom.pl\/podopieczni\/15337\">Berenika Borkowska<\/a> od urodzenia walczy z konsekwencjami rozszczepu kr\u0119gos\u0142upa i wodog\u0142owia. Przesz\u0142a ju\u017c dziewi\u0119\u0107 operacji, a jej codzienno\u015b\u0107 to regularna rehabilitacja. Od pi\u0119ciu lat Berenika jest w trakcie wieloetapowego leczenia ortopedycznego w Niemczech. Dzi\u0119ki serii operacji oraz specjalistycznym ortezom Berenika samodzielnie chodzi. Kilka razy w roku musi te\u017c wyje\u017cd\u017ca\u0107 na intensywne turnusy rehabilitacyjne. Pomimo niedow\u0142ad\u00f3w n\u00f3g, zastawki w m\u00f3zgu i szeregu innych schorze\u0144 wsp\u00f3\u0142istniej\u0105cych, Berenika jest niebywale utalentowan\u0105 dziewczynk\u0105. Gra w teatrze dzieci\u0119cym, pi\u0119knie \u015bpiewa i recytuje, p\u0142ynnie pos\u0142uguje si\u0119 j\u0119zykiem angielskim, uwielbia czyta\u0107, reprezentuje swoj\u0105 szko\u0142\u0119 w licznych konkursach i jest wzorow\u0105 uczennic\u0105. Jej zainteresowania si\u0119gaj\u0105 od baletu po mitologi\u0119 greck\u0105, wyobra\u017ania jest nieposkromiona, a najwi\u0119ksze marzenie to to, by kiedy\u015b zata\u0144czy\u0107 na prawdziwej scenie. Niestety, obecnie roczny koszt leczenia i rehabilitacji Bereniki dochodzi do 100.000 z\u0142. Rodzin\u0119 Bereniki znam przez moj\u0105 siostr\u0119 i jestem gotowa zar\u0119czy\u0107, \u017ce ka\u017cdy grosz przelewany na pomoc, rodzice z mi\u0142o\u015bci\u0105 i zaanga\u017cowaniem wydaj\u0105 na leczenie, wsparcie i rozw\u00f3j c\u00f3rki.<\/p>\n<blockquote class=\"quote\"><p><span lang=\"en-US\">Berenika Borkowska <\/span><span lang=\"en-US\">is a twelve-year-old child, who since birth has been struggling with the consequences of spina bifida and hydrocephalus. <\/span><span lang=\"en-US\">She has already suffered through ten operations and her everyday life is spent in ongoing rehabilitation. She has been in a multi-stage orthopedic therapy in Germany for five years now. Thanks to several operations and special orthoses Berenika can walk on her own. Severa<\/span><span lang=\"en-US\">l<\/span><span lang=\"en-US\"> times a year she needs to go on an intensive rehabilitation retreat. Despite the condition of her legs, valves in the brain and a number of other comorbidities, Berenika is an incredibly talented girl. She plays in a children\u2019s theatre, sings songs and recites poems, she is fluent in English, she adores reading, represents her school in numerous competitions and is an exemplary student. Her interests range from ballet to Greek mythology, her imagination is unbridled, and her greatest dream is to dance on a real stage someday. <\/span><span lang=\"en-US\">Unfortunately, now the annual cost of Berenika\u2019s treatments and rehabilitation can go up to 100.000 zloty (almost 25.000 euros). <\/span> <span lang=\"en-US\">I know Berenika&#8217; family through my sister and I <\/span><span lang=\"en-US\">can guarantee<\/span><span lang=\"en-US\"> that every penny sent <\/span><span lang=\"en-US\">to<\/span><span lang=\"en-US\"> help is spent by the parents with love and commitment on the treatment, support and development of their daughter.<\/span><\/p><\/blockquote>\n<p>&nbsp;<\/p>\n<hr \/>\n<p><\/p>","protected":false},"excerpt":{"rendered":"<p>Razem mo\u017cemy ulepszy\u0107 \u015bwiat! Opr\u00f3cz tego, \u017ce dostajecie pierwsz\u0105 lekcj\u0119 za darmo, 100% op\u0142aty za trzeci\u0105 lekcj\u0119 przekazuj\u0119 na dzia\u0142alno\u015b\u0107 charytatywn\u0105. Jest to wa\u017cna cz\u0119\u015b\u0107 mojego \u017cycia, dlatego postanowi\u0142am po\u0142\u0105czy\u0107 j\u0105 z moj\u0105 prac\u0105. Poni\u017cej przedstawiam wam akcj\u0119, kt\u00f3r\u0105 sama wspieram od wielu lat i darz\u0119 j\u0105 ca\u0142kowitym zaufaniem. Po otrzymaniu wp\u0142aty za trzeci\u0105 lekcj\u0119 [&hellip;]<\/p>\n","protected":false},"author":4,"featured_media":5027,"parent":0,"menu_order":0,"comment_status":"closed","ping_status":"closed","template":"","meta":{"_monsterinsights_skip_tracking":false,"_monsterinsights_sitenote_active":false,"_monsterinsights_sitenote_note":"","_monsterinsights_sitenote_category":0},"acf":[],"aioseo_notices":[],"_links":{"self":[{"href":"https:\/\/polishnative.pl\/en\/wp-json\/wp\/v2\/pages\/3850"}],"collection":[{"href":"https:\/\/polishnative.pl\/en\/wp-json\/wp\/v2\/pages"}],"about":[{"href":"https:\/\/polishnative.pl\/en\/wp-json\/wp\/v2\/types\/page"}],"author":[{"embeddable":true,"href":"https:\/\/polishnative.pl\/en\/wp-json\/wp\/v2\/users\/4"}],"replies":[{"embeddable":true,"href":"https:\/\/polishnative.pl\/en\/wp-json\/wp\/v2\/comments?post=3850"}],"version-history":[{"count":43,"href":"https:\/\/polishnative.pl\/en\/wp-json\/wp\/v2\/pages\/3850\/revisions"}],"predecessor-version":[{"id":5032,"href":"https:\/\/polishnative.pl\/en\/wp-json\/wp\/v2\/pages\/3850\/revisions\/5032"}],"wp:featuredmedia":[{"embeddable":true,"href":"https:\/\/polishnative.pl\/en\/wp-json\/wp\/v2\/media\/5027"}],"wp:attachment":[{"href":"https:\/\/polishnative.pl\/en\/wp-json\/wp\/v2\/media?parent=3850"}],"curies":[{"name":"wp","href":"https:\/\/api.w.org\/{rel}","templated":true}]}}