{"id":2781,"date":"2020-06-25T23:06:57","date_gmt":"2020-06-25T21:06:57","guid":{"rendered":"https:\/\/new.polishnative.pl\/?page_id=2781"},"modified":"2022-01-07T10:56:11","modified_gmt":"2022-01-07T09:56:11","slug":"all-posts","status":"publish","type":"page","link":"https:\/\/polishnative.pl\/en\/all-posts\/","title":{"rendered":"All posts"},"content":{"rendered":"<div class=\"pt-cv-wrapper\"><div class=\"cvp-live-filter cvp-search-box \" id=\"\" data-name=\"_search\" data-sid=\"f16a158smg\"><label for='sf_1442' class=\"cvp-label\">Search<\/label><input type=\"text\" id=\"sf_1442\" name=\"_search\" value=\"\" data-nosubmit=\"true\" placeholder=\"\"\/><\/div><div class=\"cvp-live-filter cvp-checkbox \" id=\"\" data-name=\"tx_category\" data-sid=\"f16a158smg\"><label class=\"cvp-label\">Category<\/label><div class=\"checkbox\"><label><input type=\"checkbox\" name=\"tx_category\" value=\"o-polshe\"  \/>About Poland<span class=\"cvp-count\"> (42)<\/span><\/label><\/div><div class=\"checkbox\"><label><input type=\"checkbox\" name=\"tx_category\" value=\"audio-rubrika\"  \/>Audio files<span class=\"cvp-count\"> (35)<\/span><\/label><\/div><div class=\"checkbox\"><label><input type=\"checkbox\" name=\"tx_category\" value=\"grammatika\"  \/>Grammar<span class=\"cvp-count\"> (145)<\/span><\/label><\/div><div class=\"checkbox\"><label><input type=\"checkbox\" name=\"tx_category\" value=\"long-texts\"  \/>Long articles<span class=\"cvp-count\"> (18)<\/span><\/label><\/div><div class=\"checkbox\"><label><input type=\"checkbox\" name=\"tx_category\" value=\"quotation\"  \/>Quotations<span class=\"cvp-count\"> (9)<\/span><\/label><\/div><div class=\"checkbox\"><label><input type=\"checkbox\" name=\"tx_category\" value=\"uchebnye-posobiya\"  \/>Study materials<span class=\"cvp-count\"> (161)<\/span><\/label><\/div><div class=\"checkbox\"><label><input type=\"checkbox\" name=\"tx_category\" value=\"useful-tips\"  \/>This is interesting<span class=\"cvp-count\"> (8)<\/span><\/label><\/div><div class=\"checkbox\"><label><input type=\"checkbox\" name=\"tx_category\" value=\"igry\"  \/>Train your brain!<span class=\"cvp-count\"> (7)<\/span><\/label><\/div><div class=\"checkbox\"><label><input type=\"checkbox\" name=\"tx_category\" value=\"uncategorized-en\"  \/>Uncategorized<span class=\"cvp-count\"> (5)<\/span><\/label><\/div><div class=\"checkbox\"><label><input type=\"checkbox\" name=\"tx_category\" value=\"video\"  \/>Video files<span class=\"cvp-count\"> (13)<\/span><\/label><\/div><div class=\"checkbox\"><label><input type=\"checkbox\" name=\"tx_category\" value=\"lexic\"  \/>Vocabulary<span class=\"cvp-count\"> (98)<\/span><\/label><\/div><\/div><div class=\"cvp-live-filter cvp-checkbox \" id=\"\" data-name=\"tx_post_tag\" data-sid=\"f16a158smg\"><label class=\"cvp-label\">Post Tag<\/label><div class=\"checkbox\"><label><input type=\"checkbox\" name=\"tx_post_tag\" value=\"english\" \/>English<span class=\"cvp-count\"> (1)<\/span><\/label><\/div><div class=\"checkbox\"><label><input type=\"checkbox\" name=\"tx_post_tag\" value=\"meskoosobowy\" \/>m\u0119skoosobowy<span class=\"cvp-count\"> (1)<\/span><\/label><\/div><div class=\"checkbox\"><label><input type=\"checkbox\" name=\"tx_post_tag\" value=\"polish\" \/>Polish<span class=\"cvp-count\"> (2)<\/span><\/label><\/div><div class=\"checkbox\"><label><input type=\"checkbox\" name=\"tx_post_tag\" value=\"russian\" \/>Russian<span class=\"cvp-count\"> (1)<\/span><\/label><\/div><\/div><div class=\"cvp-live-filter cvp-dropdown \" id=\"\" data-name=\"tx_postlang\" data-sid=\"f16a158smg\"><label class=\"cvp-label\">Posts language<\/label><select name=\"tx_postlang\"><option value=\"\">All<\/option><option value=\"english\" >English<span class=\"cvp-count\"> (99)<\/span><\/option><option value=\"polish\" >Polish<span class=\"cvp-count\"> (160)<\/span><\/option><option value=\"russian\" >Russian<span class=\"cvp-count\"> (180)<\/span><\/option><\/select><\/div><div class=\"pt-cv-view pt-cv-grid pt-cv-colsys pt-cv-same-height pt-cv-pgregular\" id=\"pt-cv-view-f16a158smg\"><div data-id=\"pt-cv-page-1\" class=\"pt-cv-page\" data-cvc=\"2\" data-cvct=\"2\" data-cvcm=\"1\"><div class=\"col-md-6 col-sm-6 col-xs-12 pt-cv-content-item pt-cv-1-col\"  data-pid=\"5929\"><div class='pt-cv-ifield'><div class=\"pt-cv-meta-fields\"><span class=\"entry-date\"> <time datetime=\"2026-04-08T16:44:12+00:00\">8 April 2026<\/time><\/span><span> \/ <\/span><span class=\"terms\"> <a href='https:\/\/polishnative.pl\/en\/category\/grammatika\/' title='Grammar' class='pt-cv-tax-grammatika'>Grammar<\/a>, <a href='https:\/\/polishnative.pl\/en\/category\/uchebnye-posobiya\/' title='Study materials' class='pt-cv-tax-uchebnye-posobiya'>Study materials<\/a><\/span><\/div>\n<a href=\"https:\/\/polishnative.pl\/en\/imieslowy-przymiotnikowe-i-przyslowkowe\/\" class=\"_self pt-cv-href-thumbnail pt-cv-thumb-default cvplbd\" target=\"_self\" ><img width=\"300\" height=\"300\" style=\"max-height: 300px;\" src=\"https:\/\/polishnative.pl\/wp-content\/plugins\/pt-content-views-pro\/public\/assets\/images\/default_image.png\" class=\"pt-cv-thumbnail img-none not-found no-lazyload  skip-lazy \" alt=\"Imies\u0142owy przymiotnikowe i przys\u0142\u00f3wkowe\" data-no-lazy=\"1\" \/><\/a>\n<h4 class=\"pt-cv-title\"><a href=\"https:\/\/polishnative.pl\/en\/imieslowy-przymiotnikowe-i-przyslowkowe\/\" class=\"_self cvplbd\" target=\"_self\" >Imies\u0142owy przymiotnikowe i przys\u0142\u00f3wkowe<\/a><\/h4>\n<div class=\"pt-cv-content\">Imies\u0142owy to kolejny temat gramatyczny, kt\u00f3ry jest wymagany na poziomie B2 egzaminu certyfikatowego z j\u0119zyka polskiego. Jak wiecie, mamy cztery ...<br \/><div class=\"pt-cv-rmwrap\"><a href=\"https:\/\/polishnative.pl\/en\/imieslowy-przymiotnikowe-i-przyslowkowe\/\" class=\"_self pt-cv-readmore btn btn-success cvplbd\" target=\"_self\">Read More<\/a><\/div><\/div><\/div><\/div>\n<div class=\"col-md-6 col-sm-6 col-xs-12 pt-cv-content-item pt-cv-1-col\"  data-pid=\"5919\"><div class='pt-cv-ifield'><div class=\"pt-cv-meta-fields\"><span class=\"entry-date\"> <time datetime=\"2026-03-20T21:25:09+00:00\">20 March 2026<\/time><\/span><span> \/ <\/span><span class=\"terms\"> <a href='https:\/\/polishnative.pl\/en\/category\/grammatika\/' title='Grammar' class='pt-cv-tax-grammatika'>Grammar<\/a>, <a href='https:\/\/polishnative.pl\/en\/postlang\/polish\/' title='Polish' class='pt-cv-tax-polish'>Polish<\/a>, <a href='https:\/\/polishnative.pl\/en\/category\/uchebnye-posobiya\/' title='Study materials' class='pt-cv-tax-uchebnye-posobiya'>Study materials<\/a><\/span><\/div>\n<a href=\"https:\/\/polishnative.pl\/en\/czas-przyszly-prosty-vs-zlozony\/\" class=\"_self pt-cv-href-thumbnail pt-cv-thumb-default cvplbd\" target=\"_self\" ><img width=\"300\" height=\"300\" src=\"https:\/\/polishnative.pl\/wp-content\/uploads\/2026\/03\/Screenshot-from-2026-03-20-20-13-45-300x300.png\" class=\"pt-cv-thumbnail img-none no-lazyload  skip-lazy \" alt=\"Czas przysz\u0142y prosty vs z\u0142o\u017cony\" decoding=\"async\" data-no-lazy=\"1\" \/><\/a>\n<h4 class=\"pt-cv-title\"><a href=\"https:\/\/polishnative.pl\/en\/czas-przyszly-prosty-vs-zlozony\/\" class=\"_self cvplbd\" target=\"_self\" >Czas przysz\u0142y prosty vs z\u0142o\u017cony<\/a><\/h4>\n<div class=\"pt-cv-content\">Na egzaminie na poziomie B1 bardzo cz\u0119sto pojawiaj\u0105 si\u0119 zadania, w kt\u00f3rych trzeba poprawnie wybra\u0107 mi\u0119dzy czasem przysz\u0142ym prostym a ...<br \/><div class=\"pt-cv-rmwrap\"><a href=\"https:\/\/polishnative.pl\/en\/czas-przyszly-prosty-vs-zlozony\/\" class=\"_self pt-cv-readmore btn btn-success cvplbd\" target=\"_self\">Read More<\/a><\/div><\/div><\/div><\/div>\n<div class=\"col-md-6 col-sm-6 col-xs-12 pt-cv-content-item pt-cv-1-col\"  data-pid=\"5915\"><div class='pt-cv-ifield'><div class=\"pt-cv-meta-fields\"><span class=\"entry-date\"> <time datetime=\"2026-03-08T12:42:12+00:00\">8 March 2026<\/time><\/span><span> \/ <\/span><span class=\"terms\"> <a href='https:\/\/polishnative.pl\/en\/category\/grammatika\/' title='Grammar' class='pt-cv-tax-grammatika'>Grammar<\/a>, <a href='https:\/\/polishnative.pl\/en\/postlang\/polish\/' title='Polish' class='pt-cv-tax-polish'>Polish<\/a>, <a href='https:\/\/polishnative.pl\/en\/category\/uchebnye-posobiya\/' title='Study materials' class='pt-cv-tax-uchebnye-posobiya'>Study materials<\/a><\/span><\/div>\n<a href=\"https:\/\/polishnative.pl\/en\/pisemne-konstrukcje-na-b2\/\" class=\"_self pt-cv-href-thumbnail pt-cv-thumb-default cvplbd\" target=\"_self\" ><img width=\"300\" height=\"200\" src=\"https:\/\/polishnative.pl\/wp-content\/uploads\/2020\/06\/vki-post-482-1-300x200.jpg\" class=\"pt-cv-thumbnail img-none no-lazyload  skip-lazy \" alt=\"Pisemne konstrukcje na B2\" decoding=\"async\" data-no-lazy=\"1\" \/><\/a>\n<h4 class=\"pt-cv-title\"><a href=\"https:\/\/polishnative.pl\/en\/pisemne-konstrukcje-na-b2\/\" class=\"_self cvplbd\" target=\"_self\" >Pisemne konstrukcje na B2<\/a><\/h4>\n<div class=\"pt-cv-content\">Cz\u0119\u015b\u0107 moich student\u00f3w, kt\u00f3ra ju\u017c pomy\u015blnie zda\u0142a egzamin certyfikatowy B1, zaczyna si\u0119 przygotowywa\u0107 do poziomu B2. Dzisiejszy post jest w\u0142a\u015bnie ...<br \/><div class=\"pt-cv-rmwrap\"><a href=\"https:\/\/polishnative.pl\/en\/pisemne-konstrukcje-na-b2\/\" class=\"_self pt-cv-readmore btn btn-success cvplbd\" target=\"_self\">Read More<\/a><\/div><\/div><\/div><\/div>\n<div class=\"col-md-6 col-sm-6 col-xs-12 pt-cv-content-item pt-cv-1-col\"  data-pid=\"5896\"><div class='pt-cv-ifield'><div class=\"pt-cv-meta-fields\"><span class=\"entry-date\"> <time datetime=\"2026-02-14T11:31:49+00:00\">14 February 2026<\/time><\/span><span> \/ <\/span><span class=\"terms\"> <a href='https:\/\/polishnative.pl\/en\/category\/grammatika\/' title='Grammar' class='pt-cv-tax-grammatika'>Grammar<\/a>, <a href='https:\/\/polishnative.pl\/en\/postlang\/polish\/' title='Polish' class='pt-cv-tax-polish'>Polish<\/a>, <a href='https:\/\/polishnative.pl\/en\/category\/uchebnye-posobiya\/' title='Study materials' class='pt-cv-tax-uchebnye-posobiya'>Study materials<\/a><\/span><\/div>\n<a href=\"https:\/\/polishnative.pl\/en\/trzy-cztery-czworo-trzech-trzej\/\" class=\"_self pt-cv-href-thumbnail pt-cv-thumb-default cvplbd\" target=\"_self\" ><img width=\"300\" height=\"300\" src=\"https:\/\/polishnative.pl\/wp-content\/uploads\/2026\/02\/Copy-of-dwie-300x300.jpg\" class=\"pt-cv-thumbnail img-none no-lazyload  skip-lazy \" alt=\"trzy, cztery, czworo, trzech, trzej...\" decoding=\"async\" data-no-lazy=\"1\" \/><\/a>\n<h4 class=\"pt-cv-title\"><a href=\"https:\/\/polishnative.pl\/en\/trzy-cztery-czworo-trzech-trzej\/\" class=\"_self cvplbd\" target=\"_self\" >trzy, cztery, czworo, trzech, trzej&#8230;<\/a><\/h4>\n<div class=\"pt-cv-content\">Dzisiaj przyszed\u0142 czas porozmawia\u0107 o formach liczebnik\u00f3w, pochodz\u0105cych od cyfr 3 i 4. W poprzednim po\u015bcie rozmawiali\u015bmy o wszystkich formach ...<br \/><div class=\"pt-cv-rmwrap\"><a href=\"https:\/\/polishnative.pl\/en\/trzy-cztery-czworo-trzech-trzej\/\" class=\"_self pt-cv-readmore btn btn-success cvplbd\" target=\"_self\">Read More<\/a><\/div><\/div><\/div><\/div>\n<div class=\"col-md-6 col-sm-6 col-xs-12 pt-cv-content-item pt-cv-1-col\"  data-pid=\"5886\"><div class='pt-cv-ifield'><div class=\"pt-cv-meta-fields\"><span class=\"entry-date\"> <time datetime=\"2026-02-13T12:53:33+00:00\">13 February 2026<\/time><\/span><span> \/ <\/span><span class=\"terms\"> <a href='https:\/\/polishnative.pl\/en\/category\/grammatika\/' title='Grammar' class='pt-cv-tax-grammatika'>Grammar<\/a>, <a href='https:\/\/polishnative.pl\/en\/category\/uchebnye-posobiya\/' title='Study materials' class='pt-cv-tax-uchebnye-posobiya'>Study materials<\/a><\/span><\/div>\n<a href=\"https:\/\/polishnative.pl\/en\/dwa-dwoch-dwoje-trzej-trzy-troje\/\" class=\"_self pt-cv-href-thumbnail pt-cv-thumb-default cvplbd\" target=\"_self\" ><img width=\"300\" height=\"300\" src=\"https:\/\/polishnative.pl\/wp-content\/uploads\/2026\/02\/dwie-300x300.jpg\" class=\"pt-cv-thumbnail img-none no-lazyload  skip-lazy \" alt=\"Dwa, dwaj, dw\u00f3ch, dwoje, dwie...\" decoding=\"async\" data-no-lazy=\"1\" \/><\/a>\n<h4 class=\"pt-cv-title\"><a href=\"https:\/\/polishnative.pl\/en\/dwa-dwoch-dwoje-trzej-trzy-troje\/\" class=\"_self cvplbd\" target=\"_self\" >Dwa, dwaj, dw\u00f3ch, dwoje, dwie&#8230;<\/a><\/h4>\n<div class=\"pt-cv-content\">Jednym z wa\u017cniejszych temat\u00f3w gramatycznych, kt\u00f3ry odr\u00f3\u017cnia znajomo\u015b\u0107 polskiego na poziomie B1 od poziomu B2 jest odmiana liczebnik\u00f3w. Jednocze\u015bnie tak ...<br \/><div class=\"pt-cv-rmwrap\"><a href=\"https:\/\/polishnative.pl\/en\/dwa-dwoch-dwoje-trzej-trzy-troje\/\" class=\"_self pt-cv-readmore btn btn-success cvplbd\" target=\"_self\">Read More<\/a><\/div><\/div><\/div><\/div>\n<div class=\"col-md-6 col-sm-6 col-xs-12 pt-cv-content-item pt-cv-1-col\"  data-pid=\"5881\"><div class='pt-cv-ifield'><div class=\"pt-cv-meta-fields\"><span class=\"entry-date\"> <time datetime=\"2026-02-10T17:12:45+00:00\">10 February 2026<\/time><\/span><span> \/ <\/span><span class=\"terms\"> <a href='https:\/\/polishnative.pl\/en\/category\/grammatika\/' title='Grammar' class='pt-cv-tax-grammatika'>Grammar<\/a>, <a href='https:\/\/polishnative.pl\/en\/postlang\/polish\/' title='Polish' class='pt-cv-tax-polish'>Polish<\/a>, <a href='https:\/\/polishnative.pl\/en\/category\/uchebnye-posobiya\/' title='Study materials' class='pt-cv-tax-uchebnye-posobiya'>Study materials<\/a><\/span><\/div>\n<a href=\"https:\/\/polishnative.pl\/en\/%d0%bd%d0%b8-%d1%81-%d0%ba%d0%b5%d0%bc-z-nikim-%d0%bd%d0%b8-%d0%be-%d1%87%d1%91%d0%bc-o-niczym\/\" class=\"_self pt-cv-href-thumbnail pt-cv-thumb-default cvplbd\" target=\"_self\" ><img width=\"211\" height=\"300\" src=\"https:\/\/polishnative.pl\/wp-content\/uploads\/2022\/05\/Screenshot-from-2022-05-24-20-48-56-211x300.png\" class=\"pt-cv-thumbnail img-none no-lazyload  skip-lazy \" alt=\"\u043d\u0438 \u0441 \u043a\u0435\u043c - Z NIKIM; \u043d\u0438 \u043e \u0447\u0451\u043c - O NICZYM\" decoding=\"async\" data-no-lazy=\"1\" \/><\/a>\n<h4 class=\"pt-cv-title\"><a href=\"https:\/\/polishnative.pl\/en\/%d0%bd%d0%b8-%d1%81-%d0%ba%d0%b5%d0%bc-z-nikim-%d0%bd%d0%b8-%d0%be-%d1%87%d1%91%d0%bc-o-niczym\/\" class=\"_self cvplbd\" target=\"_self\" >\u043d\u0438 \u0441 \u043a\u0435\u043c &#8211; Z NIKIM; \u043d\u0438 \u043e \u0447\u0451\u043c &#8211; O NICZYM<\/a><\/h4>\n<div class=\"pt-cv-content\">Porozmawiajmy o formach negacji w j\u0119zyku polskim, w por\u00f3wnaniu z analogicznymi konstrukcjami w j\u0119zyku rosyjskim. M\u00f3wi\u0119 konkretnie o takich wyra\u017ceniach, ...<br \/><div class=\"pt-cv-rmwrap\"><a href=\"https:\/\/polishnative.pl\/en\/%d0%bd%d0%b8-%d1%81-%d0%ba%d0%b5%d0%bc-z-nikim-%d0%bd%d0%b8-%d0%be-%d1%87%d1%91%d0%bc-o-niczym\/\" class=\"_self pt-cv-readmore btn btn-success cvplbd\" target=\"_self\">Read More<\/a><\/div><\/div><\/div><\/div>\n<div class=\"col-md-6 col-sm-6 col-xs-12 pt-cv-content-item pt-cv-1-col\"  data-pid=\"5855\"><div class='pt-cv-ifield'><div class=\"pt-cv-meta-fields\"><span class=\"entry-date\"> <time datetime=\"2026-01-13T20:28:22+00:00\">13 January 2026<\/time><\/span><span> \/ <\/span><span class=\"terms\"> <a href='https:\/\/polishnative.pl\/en\/category\/grammatika\/' title='Grammar' class='pt-cv-tax-grammatika'>Grammar<\/a>, <a href='https:\/\/polishnative.pl\/en\/postlang\/polish\/' title='Polish' class='pt-cv-tax-polish'>Polish<\/a><\/span><\/div>\n<a href=\"https:\/\/polishnative.pl\/en\/celownik-miejscownik-i-biernik\/\" class=\"_self pt-cv-href-thumbnail pt-cv-thumb-default cvplbd\" target=\"_self\" ><img width=\"300\" height=\"300\" src=\"https:\/\/polishnative.pl\/wp-content\/uploads\/2026\/01\/Copy-of-Copy-of-narzednik-300x300.jpg\" class=\"pt-cv-thumbnail img-none no-lazyload  skip-lazy \" alt=\"Celownik, miejscownik i biernik\" decoding=\"async\" data-no-lazy=\"1\" \/><\/a>\n<h4 class=\"pt-cv-title\"><a href=\"https:\/\/polishnative.pl\/en\/celownik-miejscownik-i-biernik\/\" class=\"_self cvplbd\" target=\"_self\" >Celownik, miejscownik i biernik<\/a><\/h4>\n<div class=\"pt-cv-content\">Cz\u0119sto powtarzam moim studentom, \u017ce celownik jest najrzadszym polskim przypadkiem. Kiedy go omawiali\u015bmy we wcze\u015bniejszym po\u015bcie, da\u0142am wam \u0107wiczenia dedykowane ...<br \/><div class=\"pt-cv-rmwrap\"><a href=\"https:\/\/polishnative.pl\/en\/celownik-miejscownik-i-biernik\/\" class=\"_self pt-cv-readmore btn btn-success cvplbd\" target=\"_self\">Read More<\/a><\/div><\/div><\/div><\/div>\n<div class=\"col-md-6 col-sm-6 col-xs-12 pt-cv-content-item pt-cv-1-col\"  data-pid=\"5848\"><div class='pt-cv-ifield'><div class=\"pt-cv-meta-fields\"><span class=\"entry-date\"> <time datetime=\"2025-12-20T18:12:59+00:00\">20 December 2025<\/time><\/span><span> \/ <\/span><span class=\"terms\"> <a href='https:\/\/polishnative.pl\/en\/category\/grammatika\/' title='Grammar' class='pt-cv-tax-grammatika'>Grammar<\/a>, <a href='https:\/\/polishnative.pl\/en\/postlang\/polish\/' title='Polish' class='pt-cv-tax-polish'>Polish<\/a>, <a href='https:\/\/polishnative.pl\/en\/category\/uchebnye-posobiya\/' title='Study materials' class='pt-cv-tax-uchebnye-posobiya'>Study materials<\/a><\/span><\/div>\n<a href=\"https:\/\/polishnative.pl\/en\/dickens-test-na-liczbe-mnoga\/\" class=\"_self pt-cv-href-thumbnail pt-cv-thumb-default cvplbd\" target=\"_self\" ><img width=\"300\" height=\"300\" src=\"https:\/\/polishnative.pl\/wp-content\/uploads\/2025\/12\/Opowiesc-Wigilijna-300x300.jpg\" class=\"pt-cv-thumbnail img-none no-lazyload  skip-lazy \" alt=\"Dickens - test na liczb\u0119 mnog\u0105\" decoding=\"async\" data-no-lazy=\"1\" \/><\/a>\n<h4 class=\"pt-cv-title\"><a href=\"https:\/\/polishnative.pl\/en\/dickens-test-na-liczbe-mnoga\/\" class=\"_self cvplbd\" target=\"_self\" >Dickens &#8211; test na liczb\u0119 mnog\u0105<\/a><\/h4>\n<div class=\"pt-cv-content\">Jakie jest wasze pierwsze skojarzenie, kiedy mowa zachodzi o Wigilii? Dla mnie to ju\u017c od wielu lat, niezmiennie, &#8220;Opowie\u015b\u0107 WIgilijna&#8221; ...<br \/><div class=\"pt-cv-rmwrap\"><a href=\"https:\/\/polishnative.pl\/en\/dickens-test-na-liczbe-mnoga\/\" class=\"_self pt-cv-readmore btn btn-success cvplbd\" target=\"_self\">Read More<\/a><\/div><\/div><\/div><\/div>\n<div class=\"col-md-6 col-sm-6 col-xs-12 pt-cv-content-item pt-cv-1-col\"  data-pid=\"5841\"><div class='pt-cv-ifield'><div class=\"pt-cv-meta-fields\"><span class=\"entry-date\"> <time datetime=\"2025-11-27T19:04:07+00:00\">27 November 2025<\/time><\/span><span> \/ <\/span><span class=\"terms\"> <a href='https:\/\/polishnative.pl\/en\/category\/grammatika\/' title='Grammar' class='pt-cv-tax-grammatika'>Grammar<\/a>, <a href='https:\/\/polishnative.pl\/en\/postlang\/polish\/' title='Polish' class='pt-cv-tax-polish'>Polish<\/a>, <a href='https:\/\/polishnative.pl\/en\/category\/uchebnye-posobiya\/' title='Study materials' class='pt-cv-tax-uchebnye-posobiya'>Study materials<\/a><\/span><\/div>\n<a href=\"https:\/\/polishnative.pl\/en\/wladca-pierscieni-cwiczenia-combo\/\" class=\"_self pt-cv-href-thumbnail pt-cv-thumb-default cvplbd\" target=\"_self\" ><img width=\"300\" height=\"300\" src=\"https:\/\/polishnative.pl\/wp-content\/uploads\/2025\/11\/Your-paragraph-text1-300x300.jpg\" class=\"pt-cv-thumbnail img-none no-lazyload  skip-lazy \" alt=\"W\u0142adca Pier\u015bcieni - \u0107wiczenia combo\" decoding=\"async\" data-no-lazy=\"1\" \/><\/a>\n<h4 class=\"pt-cv-title\"><a href=\"https:\/\/polishnative.pl\/en\/wladca-pierscieni-cwiczenia-combo\/\" class=\"_self cvplbd\" target=\"_self\" >W\u0142adca Pier\u015bcieni &#8211; \u0107wiczenia combo<\/a><\/h4>\n<div class=\"pt-cv-content\">Ci z was, kt\u00f3rzy mieli ze mn\u0105 lekcje przez co najmniej miesi\u0105c, wiedz\u0105, jak bardzo uwielbiam &#8220;W\u0142adc\u0119 Pier\u015bcieni&#8221; Tolkiena To ...<br \/><div class=\"pt-cv-rmwrap\"><a href=\"https:\/\/polishnative.pl\/en\/wladca-pierscieni-cwiczenia-combo\/\" class=\"_self pt-cv-readmore btn btn-success cvplbd\" target=\"_self\">Read More<\/a><\/div><\/div><\/div><\/div>\n<div class=\"col-md-6 col-sm-6 col-xs-12 pt-cv-content-item pt-cv-1-col\"  data-pid=\"5837\"><div class='pt-cv-ifield'><div class=\"pt-cv-meta-fields\"><span class=\"entry-date\"> <time datetime=\"2025-11-18T19:40:04+00:00\">18 November 2025<\/time><\/span><span> \/ <\/span><span class=\"terms\"> <a href='https:\/\/polishnative.pl\/en\/category\/grammatika\/' title='Grammar' class='pt-cv-tax-grammatika'>Grammar<\/a>, <a href='https:\/\/polishnative.pl\/en\/postlang\/polish\/' title='Polish' class='pt-cv-tax-polish'>Polish<\/a>, <a href='https:\/\/polishnative.pl\/en\/category\/uchebnye-posobiya\/' title='Study materials' class='pt-cv-tax-uchebnye-posobiya'>Study materials<\/a><\/span><\/div>\n<a href=\"https:\/\/polishnative.pl\/en\/ona-jest-wysoka-czy-wysoka\/\" class=\"_self pt-cv-href-thumbnail pt-cv-thumb-default cvplbd\" target=\"_self\" ><img width=\"300\" height=\"300\" src=\"https:\/\/polishnative.pl\/wp-content\/uploads\/2022\/05\/narzednik-300x300.jpg\" class=\"pt-cv-thumbnail img-none no-lazyload  skip-lazy \" alt=\"Ona jest wysokA czy wysok\u0104?\" decoding=\"async\" data-no-lazy=\"1\" \/><\/a>\n<h4 class=\"pt-cv-title\"><a href=\"https:\/\/polishnative.pl\/en\/ona-jest-wysoka-czy-wysoka\/\" class=\"_self cvplbd\" target=\"_self\" >Ona jest wysokA czy wysok\u0104?<\/a><\/h4>\n<div class=\"pt-cv-content\">Porozmawiajmy o narz\u0119dniku i o tym, w jakich sytuacjach u\u017cywamy zamiast niego mianownika. Tak, bo czasami zamiast narz\u0119dnika TRZEBA u\u017cy\u0107 ...<br \/><div class=\"pt-cv-rmwrap\"><a href=\"https:\/\/polishnative.pl\/en\/ona-jest-wysoka-czy-wysoka\/\" class=\"_self pt-cv-readmore btn btn-success cvplbd\" target=\"_self\">Read More<\/a><\/div><\/div><\/div><\/div><\/div><\/div>\n<div class=\"text-left pt-cv-pagination-wrapper\"><ul class=\"pt-cv-pagination pt-cv-ajax pagination\" data-totalpages=\"29\" data-currentpage=\"1\" data-sid=\"f16a158smg\" data-unid=\"\" data-isblock=\"\" data-postid=\"\"><li class=\"active\"><a href=\"#\">1<\/a><\/li>\n\t<li ><a class=\"\" href=\"https:\/\/polishnative.pl\/en\/wp-json\/wp\/v2\/pages\/2781\/?_page=2\">2<\/a><\/li>\n\t<li ><a class=\"\" href=\"https:\/\/polishnative.pl\/en\/wp-json\/wp\/v2\/pages\/2781\/?_page=3\">3<\/a><\/li>\n\t<li ><a href=\"#\">&hellip;<\/a><\/li>\n\t<li ><a class=\"\" href=\"https:\/\/polishnative.pl\/en\/wp-json\/wp\/v2\/pages\/2781\/?_page=29\">29<\/a><\/li>\n\t<li ><a class=\" \" href=\"https:\/\/polishnative.pl\/en\/wp-json\/wp\/v2\/pages\/2781\/?_page=2\">&rsaquo;<\/a><\/li>\n\t<\/ul><img width=\"15\" height=\"15\" class=\"pt-cv-spinner\" alt=\"Loading...\" src=\"data:image\/gif;base64,R0lGODlhDwAPALMPAMrKygwMDJOTkz09PZWVla+vr3p6euTk5M7OzuXl5TMzMwAAAJmZmWZmZszMzP\/\/\/yH\/C05FVFNDQVBFMi4wAwEAAAAh+QQFCgAPACwAAAAADwAPAAAEQvDJaZaZOIcV8iQK8VRX4iTYoAwZ4iCYoAjZ4RxejhVNoT+mRGP4cyF4Pp0N98sBGIBMEMOotl6YZ3S61Bmbkm4mAgAh+QQFCgAPACwAAAAADQANAAAENPDJSRSZeA418itN8QiK8BiLITVsFiyBBIoYqnoewAD4xPw9iY4XLGYSjkQR4UAUD45DLwIAIfkEBQoADwAsAAAAAA8ACQAABC\/wyVlamTi3nSdgwFNdhEJgTJoNyoB9ISYoQmdjiZPcj7EYCAeCF1gEDo4Dz2eIAAAh+QQFCgAPACwCAAAADQANAAAEM\/DJBxiYeLKdX3IJZT1FU0iIg2RNKx3OkZVnZ98ToRD4MyiDnkAh6BkNC0MvsAj0kMpHBAAh+QQFCgAPACwGAAAACQAPAAAEMDC59KpFDll73HkAA2wVY5KgiK5b0RRoI6MuzG6EQqCDMlSGheEhUAgqgUUAFRySIgAh+QQFCgAPACwCAAIADQANAAAEM\/DJKZNLND\/kkKaHc3xk+QAMYDKsiaqmZCxGVjSFFCxB1vwy2oOgIDxuucxAMTAJFAJNBAAh+QQFCgAPACwAAAYADwAJAAAEMNAs86q1yaWwwv2Ig0jUZx3OYa4XoRAfwADXoAwfo1+CIjyFRuEho60aSNYlOPxEAAAh+QQFCgAPACwAAAIADQANAAAENPA9s4y8+IUVcqaWJ4qEQozSoAzoIyhCK2NFU2SJk0hNnyEOhKR2AzAAj4Pj4GE4W0bkJQIAOw==\" \/><div class=\"clear pt-cv-clear-pagination\"><\/div><\/div><\/div>\t\t\t<style type=\"text\/css\" id=\"pt-cv-inline-style-ada61649hz\">#pt-cv-view-f16a158smg .pt-cv-content-item { padding-top: 8px !important; padding-left: 8px !important; padding-bottom: 8px !important; padding-right: 8px !important; }\n#pt-cv-view-f16a158smg  { margin-top: 18px !important; margin-left: 18px !important; margin-bottom: 18px !important; margin-right: 18px !important; }\n#pt-cv-view-f16a158smg .pt-cv-ifield { padding-top: 18px !important; padding-left: 18px !important; padding-bottom: 18px !important; padding-right: 18px !important; }\n#pt-cv-view-f16a158smg  .pt-cv-ifield   { background-color: #c6c6c6 !important; }\n#pt-cv-view-f16a158smg .pt-cv-href-thumbnail  { margin-left: auto !important; margin-right: auto !important; display: block !important; text-align: center !important; clear: both !important; }\n#pt-cv-view-f16a158smg .pt-cv-title a, #pt-cv-view-f16a158smg  .panel-title { color: #dd3333 !important; font-weight: 600 !important; }\n#pt-cv-view-f16a158smg .pt-cv-content , #pt-cv-view-f16a158smg  .pt-cv-content *:not(.pt-cv-readmore):not(style):not(script) { color: #ffffff !important; }\n#pt-cv-view-f16a158smg .pt-cv-carousel-caption  { background-color: rgba(51,51,51,.6) !important; }\n#pt-cv-view-f16a158smg .pt-cv-specialp { background-color: #CC3333 !important }\n#pt-cv-view-f16a158smg .pt-cv-specialp * { color: #fff !important; }\n#pt-cv-view-f16a158smg .pt-cv-pficon  { color: #bbb !important; }\n#pt-cv-view-f16a158smg .pt-cv-readmore  { color: #ffffff !important; background-color: #dd3333 !important; font-weight: 600 !important; }\n#pt-cv-view-f16a158smg .pt-cv-readmore:hover  { color: #ffffff !important; background-color: #dd3333 !important; }\n#pt-cv-view-f16a158smg  + .pt-cv-pagination-wrapper .pt-cv-more , #pt-cv-view-f16a158smg  + .pt-cv-pagination-wrapper .pagination .active a { color: #ffffff !important; background-color: #dd3333 !important; }<\/style>\r\n\t\t\t\n","protected":false},"excerpt":{"rendered":"","protected":false},"author":1,"featured_media":0,"parent":0,"menu_order":0,"comment_status":"closed","ping_status":"closed","template":"","meta":{"_monsterinsights_skip_tracking":false,"_monsterinsights_sitenote_active":false,"_monsterinsights_sitenote_note":"","_monsterinsights_sitenote_category":0},"acf":[],"aioseo_notices":[],"_links":{"self":[{"href":"https:\/\/polishnative.pl\/en\/wp-json\/wp\/v2\/pages\/2781"}],"collection":[{"href":"https:\/\/polishnative.pl\/en\/wp-json\/wp\/v2\/pages"}],"about":[{"href":"https:\/\/polishnative.pl\/en\/wp-json\/wp\/v2\/types\/page"}],"author":[{"embeddable":true,"href":"https:\/\/polishnative.pl\/en\/wp-json\/wp\/v2\/users\/1"}],"replies":[{"embeddable":true,"href":"https:\/\/polishnative.pl\/en\/wp-json\/wp\/v2\/comments?post=2781"}],"version-history":[{"count":14,"href":"https:\/\/polishnative.pl\/en\/wp-json\/wp\/v2\/pages\/2781\/revisions"}],"predecessor-version":[{"id":4344,"href":"https:\/\/polishnative.pl\/en\/wp-json\/wp\/v2\/pages\/2781\/revisions\/4344"}],"wp:attachment":[{"href":"https:\/\/polishnative.pl\/en\/wp-json\/wp\/v2\/media?parent=2781"}],"curies":[{"name":"wp","href":"https:\/\/api.w.org\/{rel}","templated":true}]}}